{"id":1048,"date":"2024-04-29T03:30:49","date_gmt":"2024-04-29T02:30:49","guid":{"rendered":"https:\/\/weuro2025basel.ch\/impressum\/"},"modified":"2025-04-02T14:28:19","modified_gmt":"2025-04-02T13:28:19","slug":"impressum","status":"publish","type":"page","link":"https:\/\/eurovision-basel.ch\/en\/impressum\/","title":{"rendered":"Impressum &#038; Nutzungsregelung"},"content":{"rendered":"\n<p>Dies ist die offizielle Website der Host City Basel zum Eurovision Song Contest 2025. Die Inhalte werden laufend aktualisiert, verbessert und erweitert.<\/p>\n\n\n\n<p class=\"has-text-align-center\"><strong>Verantwortung und Redaktion:<br><\/strong>Kanton Basel-Stadt<br>Email: <a href=\"mailto:info@weuro2025basel.ch\"><\/a><a href=\"mailto:esc@bs.ch\" target=\"_blank\" rel=\"noreferrer noopener\">esc@bs.ch<\/a><\/p>\n\n\n\n<p class=\"has-text-align-center\"><strong>Design-Adaption, Programmierung und Umsetzung: <br><\/strong><a href=\"https:\/\/onlinekarma.ch\" target=\"_blank\" rel=\"noopener\">onlineKarma | Marketing mit Wirkun<\/a><a href=\"https:\/\/onlinekarma.ch\" target=\"_blank\" rel=\"noreferrer noopener\">g<\/a><\/p>\n\n\n\n<p class=\"has-text-align-center\"><strong>Corporate Design Eurovision 2025<br><\/strong>SRG, Artur Deyneuve<\/p>\n\n\n\n<div style=\"height:121px\" aria-hidden=\"true\" class=\"wp-block-spacer\"><\/div>\n\n\n\n<h2 class=\"wp-block-heading\">Bildnachweis<\/h2>\n\n\n\n<p>Vielen Dank f\u00fcr die zur Verf\u00fcgung gestellten Bilder:<br><em>Vogelperspektive \u00fcber Basel \u00a9 Standortmarketing Basel-Stadt, Foto: Raphael Al\u00f9<br>Unterkunft und Nachhaltigkeit \u00a9 Basel Tourismus<br>Main Show: Eurovision-Finale 2024 \u00a9 EBU, Foto: Sarah Louise Bennett<br>Eurovision Street &amp; Boulevard: Foto des Strassenfests Fl\u00e2neur \u00a9 StadtKonzept Basel, Foto: Samuel Bramley<\/em><\/p>\n\n\n\n<h2 class=\"wp-block-heading\">Cookies verwalten<\/h2>\n\n\n\n<p>Mit folgendem Widerspruch bieten wir Ihnen die M\u00f6glichkeit, die Datenerhebung der besuchten Webseite in der aktuellen Session zu verhindern:<\/p>\n\n\n\n<div class=\"wp-block-group is-nowrap is-layout-flex wp-container-core-group-is-layout-ad2f72ca wp-block-group-is-layout-flex\">\n<a href=\"javascript: Cookiebot.renew()\">Cookie Einstellungen<\/a>\n\n\n\n<div style=\"height:100px;width:0px\" aria-hidden=\"true\" class=\"wp-block-spacer wp-container-content-6388d5dc\"><\/div>\n<\/div>\n\n\n\n<h2 class=\"wp-block-heading\">Datenschutz<\/h2>\n\n\n\n<p><a href=\"https:\/\/eurovision-basel.ch\/wp-content\/uploads\/2025\/04\/Datenschutzerklaerung-Kanton-BS-re-ESC-2025-Deutsch.pdf\" data-type=\"attachment\" data-id=\"5078\">Datenschutzerkl\u00e4rung Deutsch<\/a><br><a href=\"https:\/\/eurovision-basel.ch\/wp-content\/uploads\/2025\/04\/Privacy-Policy-Canton-BS-re-ESC-2025-Englisch.pdf\" data-type=\"attachment\" data-id=\"5081\">Datenschutzerkl\u00e4rung Englisch<\/a><\/p>\n\n\n\n<h2 class=\"wp-block-heading\">Nutzungsregelung<\/h2>\n\n\n\n<p><strong>Rechtliche Hinweise zur Benutzung der Website<\/strong><br>Die Website www.eurovision-basel.ch ist die offizielle Website der Host City Basel f\u00fcr den Eurovision Song Contest 2025. Personen, welche auf die Website zugreifen und Informationen abrufen, erkl\u00e4ren sich mit den nachfolgenden Bestimmungen einverstanden.<\/p>\n\n\n\n<div style=\"height:24px\" aria-hidden=\"true\" class=\"wp-block-spacer\"><\/div>\n\n\n\n<h5 class=\"wp-block-heading\">1. Benutzung der Website<\/h5>\n\n\n\n<p>Der Kanton Basel-Stadt unternimmt alle Anstrengungen, um einen sicheren Betrieb der Website sicherzustellen. Dennoch k\u00f6nnen M\u00e4ngel wie z.B. Datenverlust oder -verf\u00e4lschung, Virenbefall, Betriebsunterbruch etc. nicht ausgeschlossen werden. Der Zugriff auf die Website erfolgt deshalb auf eigene Gefahr und in eigener Verantwortung.<\/p>\n\n\n\n<div style=\"height:10px\" aria-hidden=\"true\" class=\"wp-block-spacer\"><\/div>\n\n\n\n<h5 class=\"wp-block-heading\">2. Haftungsausschluss<\/h5>\n\n\n\n<p>Der Kanton Basel-Stadt lehnt jegliche Haftung f\u00fcr Sch\u00e4den oder Folgesch\u00e4den ab, die sich aus dem Zugriff auf seine Website beziehungsweise auf einzelne Teile davon (wie z.B. heruntergeladene Dokumente), deren Benutzung (bzw. aus der Unm\u00f6glichkeit des Zugriffs oder der Benutzung) oder Links auf andere Websites ergeben.<\/p>\n\n\n\n<div style=\"height:10px\" aria-hidden=\"true\" class=\"wp-block-spacer\"><\/div>\n\n\n\n<h5 class=\"wp-block-heading\">3. Gew\u00e4hrleistungsausschluss<\/h5>\n\n\n\n<p>Der Kanton Basel-Stadt verwendet all seine Sorgfalt darauf, dass die Informationen auf der Website zum Zeitpunkt der Ver\u00f6ffentlichung korrekt und aktuell sind und keine Rechte Dritter (insbesondere Rechte des Pers\u00f6nlichkeitsschutzes) verletzen. Dennoch kann der Kanton Basel-Stadt keine Gew\u00e4hrleistung hinsichtlich der Genauigkeit, Zuverl\u00e4ssigkeit oder Vollst\u00e4ndigkeit der Information machen.<\/p>\n\n\n\n<div style=\"height:10px\" aria-hidden=\"true\" class=\"wp-block-spacer\"><\/div>\n\n\n\n<h5 class=\"wp-block-heading\">4. Verkn\u00fcpfte Websites (Links) und Framing<\/h5>\n\n\n\n<p>Die Website enth\u00e4lt zum Teil Links zu Websites von Dritten. Der Kanton \u00fcbernimmt f\u00fcr deren Inhalt, den Die Website enth\u00e4lt zum Teil Links zu Websites von Dritten. Der Kanton \u00fcbernimmt f\u00fcr deren Inhalt, den darauf angebotenen Produkten, Dienstleistungen oder sonstigen Angeboten sowie f\u00fcr die Einhaltung von Datenschutzbestimmungen keine Verantwortung. Das Aktivieren eines Links erfolgt auf eigene Verantwortung. Im \u00dcbrigen besteht kein Anspruch auf das Einf\u00fcgen von Links auf private Angebote.<\/p>\n\n\n\n<p>Es ist nicht erlaubt, Inhalte dieser Website in fremde Websites zu framen.<\/p>\n\n\n\n<div style=\"height:7px\" aria-hidden=\"true\" class=\"wp-block-spacer\"><\/div>\n\n\n\n<div style=\"height:10px\" aria-hidden=\"true\" class=\"wp-block-spacer\"><\/div>\n\n\n\n<h5 class=\"wp-block-heading\">5. Emails<\/h5>\n\n\n\n<p>Daten, insbesondere auch sch\u00fctzenswerte Personendaten, die Sie uns mittels Email senden, werden von uns vertraulich behandelt und nur in dem Zusammenhang genutzt, f\u00fcr den Sie diese uns senden. Bitte beachten Sie jedoch, dass das \u00dcbermitteln von Emails in der Regel nicht sicher ist, d.h. dass die Daten von unbefugten Dritten (Hacker) abgefangen werden k\u00f6nnen. Wir empfehlen Ihnen deshalb, besonders sch\u00fctzenswerte Personendaten nicht via Email zu senden bzw. zuerst zu pr\u00fcfen, ob die \u00dcbermittlung \u00fcber ein gesichertes Protokoll erfolgt (z.B. https:\/\/, auch erkennbar am Schloss-Symbol in der Statuszeile Ihres Browsers).<\/p>\n\n\n\n<div style=\"height:10px\" aria-hidden=\"true\" class=\"wp-block-spacer\"><\/div>\n\n\n\n<h5 class=\"wp-block-heading\">6. Informationsabruf&nbsp;&nbsp;<\/h5>\n\n\n\n<p>Zu statistischen Zwecken und zur Verbesserung unseres Angebots werden Informationen, die uns ihr Zugangsger\u00e4t (PC) und ihr Anzeigeprogramm (Browser) beim Aufruf Ihrer Webseite automatisch mitteilt, erfasst und bearbeitet. Dieser Vorgang erfolgt anonymisiert und entfernt somit den Bezug zu Ihrer Person.<\/p>\n\n\n\n<div style=\"height:8px\" aria-hidden=\"true\" class=\"wp-block-spacer\"><\/div>\n\n\n\n<p>Ihre Daten werden ausschliesslich von uns verwendet. Eine Weitergabe an Dritte erfolgt nicht.<\/p>\n\n\n\n<div style=\"height:8px\" aria-hidden=\"true\" class=\"wp-block-spacer\"><\/div>\n\n\n\n<p>F\u00fcr die Analyse der Daten verwenden wir die DSGVO-konforme Webanalytik-L\u00f6sung Matomo.<\/p>\n\n\n\n<div style=\"height:8px\" aria-hidden=\"true\" class=\"wp-block-spacer\"><\/div>\n\n\n\n<p>Folgende Angaben werden unter anderem gespeichert:<\/p>\n\n\n\n<ul class=\"wp-block-list\">\n<li>Datum und Uhrzeit des Zugriffs auf die Webseite<\/li>\n\n\n\n<li>Typ, Version und Spracheinstellungen der benutzten Anzeigesoftware (Browser) und des eingesetzten Betriebssystems<\/li>\n\n\n\n<li>Darstellungsgr\u00f6sse des eingesetzten Anzeigeger\u00e4ts<\/li>\n\n\n\n<li>IP-Adresse des Endger\u00e4tes oder des Internetzugangs in anonymisierter Form<\/li>\n\n\n\n<li>Beim Aufruf unserer Webseiten kann der Webserver Cookies auf Ihr Endger\u00e4t senden. Diese Cookies erm\u00f6glichen Ihnen eine komfortable Nutzung unserer Webseiten. Sie m\u00fcssen z.B. eine bereits definierte Einstellung zur bevorzugten Sprache nicht wiederholen. Diese Cookies richten keinen Schaden an. Auch diese Daten werden in anonymisierter Form erhoben und es kann kein Bezug zu einer einzelnen Person hergestellt werden.<\/li>\n<\/ul>\n\n\n\n<div style=\"height:8px\" aria-hidden=\"true\" class=\"wp-block-spacer\"><\/div>\n\n\n\n<div style=\"height:8px\" aria-hidden=\"true\" class=\"wp-block-spacer\"><\/div>\n\n\n\n<p>Mit folgendem Widerspruch bieten wir Ihnen die M\u00f6glichkeit, die Datenerhebung der besuchten Webseite in der aktuellen Session zu verhindern: <\/p> <a href=\"javascript: Cookiebot.renew()\">Cookie Einstellungen<\/a>\n\n\n\n<h5 class=\"wp-block-heading\"><\/h5>\n\n\n\n<p><\/p>\n","protected":false},"excerpt":{"rendered":"<p>Dies ist die offizielle Website der Host City Basel zum Eurovision Song Contest 2025. Die Inhalte werden laufend aktualisiert, verbessert und erweitert. Verantwortung und Redaktion:Kanton Basel-StadtEmail: esc@bs.ch Design-Adaption, Programmierung und Umsetzung: onlineKarma | Marketing mit Wirkung Corporate Design Eurovision 2025SRG, Artur Deyneuve Bildnachweis Vielen Dank f\u00fcr die zur Verf\u00fcgung gestellten Bilder:Vogelperspektive \u00fcber Basel \u00a9 Standortmarketing [&hellip;]<\/p>\n","protected":false},"author":1,"featured_media":0,"parent":0,"menu_order":30,"comment_status":"closed","ping_status":"closed","template":"","meta":{"_acf_changed":false,"footnotes":""},"class_list":["post-1048","page","type-page","status-publish","hentry"],"acf":[],"_links":{"self":[{"href":"https:\/\/eurovision-basel.ch\/en\/wp-json\/wp\/v2\/pages\/1048","targetHints":{"allow":["GET"]}}],"collection":[{"href":"https:\/\/eurovision-basel.ch\/en\/wp-json\/wp\/v2\/pages"}],"about":[{"href":"https:\/\/eurovision-basel.ch\/en\/wp-json\/wp\/v2\/types\/page"}],"author":[{"embeddable":true,"href":"https:\/\/eurovision-basel.ch\/en\/wp-json\/wp\/v2\/users\/1"}],"replies":[{"embeddable":true,"href":"https:\/\/eurovision-basel.ch\/en\/wp-json\/wp\/v2\/comments?post=1048"}],"version-history":[{"count":9,"href":"https:\/\/eurovision-basel.ch\/en\/wp-json\/wp\/v2\/pages\/1048\/revisions"}],"predecessor-version":[{"id":5088,"href":"https:\/\/eurovision-basel.ch\/en\/wp-json\/wp\/v2\/pages\/1048\/revisions\/5088"}],"wp:attachment":[{"href":"https:\/\/eurovision-basel.ch\/en\/wp-json\/wp\/v2\/media?parent=1048"}],"curies":[{"name":"wp","href":"https:\/\/api.w.org\/{rel}","templated":true}]}}